{"id":25,"date":"2018-02-01T15:04:56","date_gmt":"2018-02-01T14:04:56","guid":{"rendered":"http:\/\/www.jobforum.de\/unternehmen\/?page_id=25"},"modified":"2018-03-05T13:29:13","modified_gmt":"2018-03-05T12:29:13","slug":"datenschutz","status":"publish","type":"page","link":"https:\/\/jobforum-dev.indexinternet.de\/unternehmen\/datenschutz\/","title":{"rendered":"Datenschutz"},"content":{"rendered":"<div class=\"fusion-fullwidth fullwidth-box fusion-builder-row-1 nonhundred-percent-fullwidth non-hundred-percent-height-scrolling\" style=\"--awb-border-radius-top-left:0px;--awb-border-radius-top-right:0px;--awb-border-radius-bottom-right:0px;--awb-border-radius-bottom-left:0px;--awb-margin-top:20px;--awb-flex-wrap:wrap;\" ><div class=\"fusion-builder-row fusion-row\"><div class=\"fusion-layout-column fusion_builder_column fusion-builder-column-0 fusion_builder_column_2_3 2_3 fusion-two-third fusion-column-first\" style=\"--awb-bg-size:cover;width:66.666666666667%;width:calc(66.666666666667% - ( ( 4% ) * 0.66666666666667 ) );margin-right: 4%;\"><div class=\"fusion-column-wrapper fusion-flex-column-wrapper-legacy\"><div class=\"fusion-text fusion-text-1\"><p><strong>Liebe Nutzer von \u201ejobforum\u201c<\/strong><\/p>\n<p>die auf unserer Seite dargestellten Services werden von der <strong>Jobforum GmbH<\/strong> bereitgestellt. Hierbei bieten wir unseren Nutzern eine innovative Plattform zur Jobvermittlung an und kl\u00e4ren Sie nachfolgend \u00fcber die hierbei erfolgenden datenschutzrelevanten Vorg\u00e4nge auf.<\/p>\n<p><strong>Personenbezogene Daten<\/strong><\/p>\n<p>Wir nehmen den Schutz Ihrer pers\u00f6nlichen Daten sehr ernst und behandeln die personenbezogenen Daten entsprechend der gesetzlichen Datenschutzvorschriften sowie dieser Datenschutzerkl\u00e4rung.<\/p>\n<p>Soweit auf unseren Seiten personenbezogene Daten erhoben werden, erfolgt dies soweit dies zur Erbringung unserer Dienste erforderlich ist, im \u00dcbrigen auf Grundlage der Bestimmungen dieser Datenschutzerkl\u00e4rung. Insofern dies nicht zur Erbringung unserer Leistung zwingend notwendig ist, werden diese Daten ohne Ihre ausdr\u00fcckliche Zustimmung nicht an Dritte weitergegeben. Wir weisen darauf hin, dass die Daten\u00fcbertragung im Internet (z.B. bei der Kommunikation per E-Mail) Sicherheitsl\u00fccken aufweisen kann. Ein l\u00fcckenloser Schutz der Daten vor dem Zugriff durch Dritte ist nicht m\u00f6glich.<\/p>\n<p><strong>\u00a0<\/strong><\/p>\n<p><strong>Zweck der Datenverarbeitung<\/strong><\/p>\n<p>Die personenbezogenen Daten werden von uns zum Zweck der Kontaktaufnahme mit Ihrem Unternehmen erhoben und verarbeitet. <em>(Ab Mai 2018: Rechtsgrundlage der Verarbeitung stellt Art. 6 Abs. 1 lit. b) DS-GVO dar.)<\/em><\/p>\n<p><strong>Einsatz von Cookies<\/strong><\/p>\n<p>Unsere Seite sowie die zugeh\u00f6rigen Unterseiten der Domain verwenden teilweise so genannte Cookies. Cookies richten auf Ihrem Rechner keinen Schaden an und enthalten keine Viren. Cookies dienen dazu, unser Angebot nutzerfreundlicher, effektiver und sicherer zu machen. Cookies sind kleine Textdateien, die auf ihrem Rechner abgelegt werden und die ihr Browser speichert.<\/p>\n<p>Die meisten der von uns verwendeten Cookies sind so genannte \u201eSession-Cookies\u201c. Sie werden nach Ende Ihres Besuchs automatisch gel\u00f6scht. Andere Cookies bleiben auf dem Endger\u00e4t gespeichert, bis diese von ihnen gel\u00f6scht werden. Diese Cookies erm\u00f6glichen es uns, den Browser beim n\u00e4chsten Besuch wiederzuerkennen. Sie k\u00f6nnen ihren Browser so einstellen, dass sie \u00fcber das Setzen von Cookies informiert werdet und Cookies nur im Einzelfall erlauben, die Annahme von Cookies f\u00fcr bestimmte F\u00e4lle oder generell ausschlie\u00dfen sowie das automatische L\u00f6schen der Cookies beim Schlie\u00dfen des Browsers aktivieren. Bei der Deaktivierung von Cookies kann die Funktionalit\u00e4t dieser Website eingeschr\u00e4nkt sein. Weitere Informationen finden sie auch unter<\/p>\n<p><a href=\"https:\/\/www.bsi.bund.de\/DE\/Themen\/StandardsKriterien\/ISi-Reihe\/ISi-Web-Server\/aktive_inhalte\/definitionen\/definitionen_cookies_node.html\">https:\/\/www.bsi.bund.de\/DE\/Themen\/StandardsKriterien\/ISi-Reihe\/ISi-Web-Server\/aktive_inhalte\/definitionen\/definitionen_cookies_node.html<\/a><\/p>\n<p><strong>Auskunfts-, Berichtigungs-, Widerspruchs- und \u00dcbertragungsrecht<\/strong><\/p>\n<p>Sie haben das jederzeitige Recht, sich unentgeltlich und unverz\u00fcglich \u00fcber die zu Ihrer Person erhobenen und gespeicherten Daten zu erkundigen. Dies beinhaltet das Recht auf Auskunft \u00fcber die Daten selbst, deren Herkunft, die Empf\u00e4nger Ihrer Daten sowie den Zweck der Datenverarbeitung. Sie haben das jederzeitige Recht, die Zustimmung zur Verwendung der angegebenen pers\u00f6nlichen Daten mit Wirkung f\u00fcr die Zukunft zu widerrufen. Ferner haben Sie das Recht, unzutreffende Daten berichtigen zu lassen. Zudem haben Sie das Recht, die von uns gespeicherten Daten in maschinenlesbarer Form in einem g\u00e4ngigen Datenformat zur Verf\u00fcgung gestellt zu bekommen. Zur Geltendmachung dieser Rechte k\u00f6nnen Sie sich an die <strong>Jobforum GmbH <\/strong>wenden.<\/p>\n<p><strong>Sicherheit Ihrer pers\u00f6nlichen Daten<\/strong><\/p>\n<p>Wir verwenden diverse Sicherheitstechnologien und -verfahren, um zum Schutz Ihrer pers\u00f6nlichen Daten vor unbefugtem Zugriff, unbefugter Nutzung oder Preisgabe beizutragen. Wir sch\u00fctzen die pers\u00f6nlichen Daten, die Sie auf Computerservern angeben, in einer kontrollierten, gesch\u00fctzten Umgebung. Dort sind diese vor unbefugtem Zugriff, unbefugter Nutzung und Preisgabe gesch\u00fctzt. Wenn pers\u00f6nliche Daten (wie zum Beispiel Ihr Name oder Ihre Anschrift) auf unseren Websites erfasst und\/oder an andere Websites \u00fcbermittelt werden, werden diese durch den Einsatz der Verschl\u00fcsselung (z. B. eines Secure Socket Layer (SSL)-Protokolls) gesch\u00fctzt.<\/p>\n<p><strong>Speicherung pers\u00f6nlicher Daten<\/strong><\/p>\n<p>Wir speichern pers\u00f6nliche Daten, die Sie uns \u00fcbermitteln, so lange, wie wir diese f\u00fcr n\u00fctzlich erachten, um Sie in Bezug auf den Abonnementdienst oder unsere anderen Dienste zu kontaktieren, oder um unsere gesetzlichen Pflichten zu erf\u00fcllen, Streitigkeiten beizulegen und unsere Vertr\u00e4ge durchzusetzen. Danach l\u00f6schen wir die Daten in sicherer Weise. Auf Ihr Verlangen l\u00f6schen wir diese Daten zu einem fr\u00fcheren Datum von den Servern. N\u00e4here Informationen hierzu finden Sie unten im Abschnitt \u201eK\u00fcndigung\/Widerruf\u201c. Wenn Sie unseren Kunden im Rahmen ihrer Nutzung des Abonnementdienstes Daten \u00fcbermitteln, entscheiden unsere Kunden, wie lange sie die von Ihnen erfassten pers\u00f6nlichen Daten speichern. Nach der K\u00fcndigung k\u00f6nnen wir, sofern dies nicht gesetzlich verboten ist, s\u00e4mtliche Kundendaten vom Abonnementdienst l\u00f6schen, einschlie\u00dflich Ihrer pers\u00f6nlichen Daten.<\/p>\n<p><strong>Protokolldateien<\/strong><\/p>\n<p>Wir k\u00f6nnen demografische Daten erfassen, wie zum Beispiel Ihre Postleitzahl, Ihr Alter, Geschlecht, Ihre Vorlieben, Interessen und Favoriten. Dazu verwenden wir Protokolldateien, die nicht mit Ihrem Namen oder anderen pers\u00f6nlichen Daten verkn\u00fcpft sind. Ferner werden auch Daten \u00fcber Ihre Computerhardware und -software automatisch von uns erfasst. Diese Daten k\u00f6nnen Folgendes umfassen: Ihre IP-Adresse, den Browsertyp, Domain-Namen, den Internetdienstanbieter (ISP), die auf unserer Website angesehenen Dateien (z. B. HTML-Seiten, Grafiken usw.), das Betriebssystem, Clickstream-Daten, Zugriffszeiten und Adressen von Websites, \u00fcber die Sie auf unsere Website gelangt sind. Diese Daten dienen Jobforum beim Betrieb des Abonnementdienstes, beim Erhalt der Qualit\u00e4t des Abonnementdienstes und zur Erstellung allgemeiner Statistiken bez\u00fcglich der Nutzung der Jobforum-Website. F\u00fcr diese Zwecke verkn\u00fcpfen wir diese automatisch erfassten Daten mit pers\u00f6nlichen Daten wie Name, E-Mail-Adresse, Adresse und Telefonnummer.<\/p>\n<p><strong>Z\u00e4hlpixel (Web Beacons\/Webwanzen)<\/strong><\/p>\n<p>Wir setzen eine Softwaretechnologie ein, die als Z\u00e4hlpixel bezeichnet wird (alternative Bezeichnung: Web Beacons\/Webwanzen). Diese hilft uns mit Informationen dazu, welche Inhalte effektiv sind, dabei, die Website und den Abonnementdienst besser zu verwalten. Z\u00e4hlpixel sind winzige Grafiken mit einem eindeutigen Bezeichner. Ihre Funktion ist \u00e4hnlich wie die von Cookies, und sie dienen zum Tracking der Online-Bewegungen von Webbenutzern. Im Gegensatz zu Cookies, die auf der Computerfestplatte eines Benutzers gespeichert werden, werden Z\u00e4hlpixel unsichtbar auf Webseiten oder in E-Mails eingebettet und sind in etwa so gro\u00df wie der Punkt am Ende dieses Satzes. Wir verwenden Z\u00e4hlpixel in unseren HTML-basierten E-Mails, um nachzuverfolgen, welche E-Mails von den Empf\u00e4ngern ge\u00f6ffnet wurden. Dadurch k\u00f6nnen wir die Wirksamkeit bestimmter Mitteilungen und unserer Marketing-Kampagnen messen. Wir verbinden die von Z\u00e4hlpixeln in E-Mails erfassten Daten mit den pers\u00f6nlichen Daten unserer Kunden. Wenn Sie diese E-Mails abbestellen m\u00f6chten, schreiben Sie uns eine E-Mail an Info@jobforum.de<\/p>\n<p><strong>Verwertung von Navigationsdaten<\/strong><\/p>\n<p>Wir verwerten Navigationsdaten, um die Websites und den Abonnementdienst zu betreiben und zu optimieren. Wir k\u00f6nnen Navigationsdaten auch allein oder in Kombination mit pers\u00f6nlichen Daten verwerten, um Sie mit personalisierten Informationen \u00fcber Jobforum zu versorgen.<\/p>\n<p><strong>Erkl\u00e4rung zur Erhebung und Verarbeitung personenbezogener Daten<\/strong><\/p>\n<p>Im Rahmen der Anmeldung Ihres Unternehmens auf unserer Plattform erheben wir die folgenden personenbezogenen Daten eines Ansprechpartners:<\/p>\n<ul>\n<li>Vorname<\/li>\n<li>Nachname<\/li>\n<li>Email-Adresse<\/li>\n<li>Telefonnummer<\/li>\n<\/ul>\n<p>Diese Daten sind notwendig, um sie \u00fcber m\u00f6gliche Bewerber zu informieren und Ihnen weitere Informationen zu den Abl\u00e4ufen auf unserer Plattform \u00fcbermitteln zu k\u00f6nnen.<\/p>\n<p><strong>Erkl\u00e4rung zur Dauer der Speicherung<\/strong><\/p>\n<p>Die von uns erhobenen Daten werden von uns f\u00fcr die gesamte Dauer der Registrierung auf unserer Plattform gespeichert. Sollten Sie sich dazu entscheiden, Ihr bei uns angelegtes Profil zu l\u00f6schen, so werden die von Ihnen zu Verf\u00fcgung gestellten Daten umgehend, sp\u00e4testens jedoch nach Ablauf eventuell bestehender gesetzlicher Aufbewahrungsfristen gel\u00f6scht. Insofern wir Daten an Dritte weitergegeben haben, werden diese im Falle der L\u00f6schung des Profils informiert und sind verpflichtet, die Daten in gleicher Weise zu l\u00f6schen.<\/p>\n<p><strong>Nutzung von Google Analytics<\/strong><\/p>\n<p>Wir setzen Google Analytics, einen Webanalysedienst der Google Inc. (\u201eGoogle\u201c) ein. Google verwendet Cookies. Die durch das Cookie erzeugten Informationen \u00fcber die Benutzung des Onlineangebotes durch die Nutzer werden in der Regel an einen Server von Google in den USA \u00fcbertragen und dort gespeichert.<\/p>\n<p>Google wird diese Informationen in unserem Auftrag benutzen, um die Nutzung unseres Onlineangebotes durch die Nutzer auszuwerten, um Reports \u00fcber die Aktivit\u00e4ten innerhalb dieses Onlineangebotes zusammenzustellen und um weitere mit der Nutzung dieses Onlineangebotes und der Internetnutzung verbundene Dienstleistungen uns gegen\u00fcber zu erbringen. Dabei k\u00f6nnen aus den verarbeiteten Daten pseudonyme Nutzungsprofile der Nutzer erstellt werden.<\/p>\n<p>Wir setzen Google Analytics nur mit aktivierter IP-Anonymisierung ein. Das bedeutet, die IP-Adresse der Nutzer wird von Google innerhalb von Mitgliedstaaten der Europ\u00e4ischen Union oder in anderen Vertragsstaaten des Abkommens \u00fcber den Europ\u00e4ischen Wirtschaftsraum gek\u00fcrzt. Nur in Ausnahmef\u00e4llen wird die volle IP-Adresse an einen Server von Google in den USA \u00fcbertragen und dort gek\u00fcrzt. Die von dem Browser des Nutzers \u00fcbermittelte IP-Adresse wird nicht mit anderen Daten von Google zusammengef\u00fchrt.<\/p>\n<p>Die Nutzer k\u00f6nnen die Speicherung der Cookies durch eine entsprechende Einstellung ihrer Browser-Software verhindern; die Nutzer k\u00f6nnen dar\u00fcber hinaus die Erfassung der durch das Cookie erzeugten und auf ihre Nutzung des Onlineangebotes bezogenen Daten an Google sowie die Verarbeitung dieser Daten durch Google verhindern, indem sie das unter dem folgenden Link verf\u00fcgbare Browser-Plugin herunterladen und installieren: http:\/\/tools.google.com\/dlpage\/gaoptout?hl=de.<\/p>\n<p>Weitere Informationen zur Datennutzung zu Werbezwecken durch Google, Einstellungs- und Widerspruchsm\u00f6glichkeiten erfahren Sie auf den Webseiten von Google: https:\/\/www.google.com\/intl\/de\/policies\/privacy\/partners\/ (\u201eDatennutzung durch Google bei Ihrer Nutzung von Websites oder Apps unserer Partner\u201c), http:\/\/www.google.com\/policies\/technologies\/ads (\u201eDatennutzung zu Werbezwecken\u201c), http:\/\/www.google.de\/settings\/ads (\u201eInformationen verwalten, die Google verwendet, um Ihnen Werbung einzublenden\u201c) und http:\/\/www.google.com\/ads\/preferences\/ (\u201eBestimmen Sie, welche Werbung Google Ihnen zeigt\u201c).<\/p>\n<p><strong>Double-Opt-In und Protokollierung<\/strong><\/p>\n<p>Die Anmeldung zu unserem Newsletter erfolgt in einem sog. Double-Opt-In-Verfahren. D.h. Sie erhalten nach der Anmeldung eine E-Mail, in der Sie um die Best\u00e4tigung Ihrer Anmeldung gebeten werden. Diese Best\u00e4tigung ist notwendig, damit sich niemand mit fremden E-Mailadressen anmelden kann.<\/p>\n<p>Die Anmeldungen zum Newsletter werden protokolliert, um den Anmeldeprozess entsprechend den rechtlichen Anforderungen nachweisen zu k\u00f6nnen. Hierzu geh\u00f6rt die Speicherung des Anmelde- und des Best\u00e4tigungszeitpunkts, als auch der IP-Adresse. Ebenso werden die \u00c4nderungen Ihrer gespeicherten Daten protokolliert.<\/p>\n<p><strong>Statistische Erhebung und Analysen<\/strong><\/p>\n<p>Die Newsletter enthalten einen sog. \u201eweb-beacon\u201c, d.h. eine pixelgro\u00dfe Datei, die beim \u00d6ffnen des Newsletters von dem Server von Jobforum abgerufen wird. Im Rahmen dieses Abrufs werden zun\u00e4chst technische Informationen, wie Informationen zum Browser und Ihrem System, als auch Ihre IP-Adresse und Zeitpunkt des Abrufs erhoben. Diese Informationen werden zur technischen Verbesserung der Services anhand der technischen Daten oder der Zielgruppen und ihres Leseverhaltens anhand derer Abruforte (die mit Hilfe der IP-Adresse bestimmbar sind) oder der Zugriffszeiten genutzt.<\/p>\n<p>Zu den statistischen Erhebungen geh\u00f6rt ebenfalls die Feststellung, ob die Newsletter ge\u00f6ffnet werden, wann sie ge\u00f6ffnet werden und welche Links geklickt werden. Diese Informationen k\u00f6nnen aus technischen Gr\u00fcnden zwar den einzelnen Newsletterempf\u00e4ngern zugeordnet werden. Es ist jedoch weder unser Bestreben, noch das von Mautic, einzelne Nutzer zu beobachten. Die Auswertungen dienen uns viel mehr dazu, die Lesegewohnheiten unserer Nutzer zu erkennen und unsere Inhalte auf sie anzupassen oder unterschiedliche Inhalte entsprechend den Interessen unserer Nutzer zu versenden.<\/p>\n<p><strong>K\u00fcndigung\/Widerruf<\/strong><\/p>\n<p>Sie k\u00f6nnen den Empfang unseres Newsletters jederzeit k\u00fcndigen, d.h. Ihre Einwilligungen widerrufen. Damit erl\u00f6schen gleichzeitig Ihre Einwilligungen in dessen Versand via Mautic und die statistischen Analysen. Ein getrennter Widerruf des Versandes via Mautic oder der statistischen Auswertung ist leider nicht m\u00f6glich.<\/p>\n<p>Einen Link zur K\u00fcndigung des Newsletters finden Sie am Ende eines jeden Newsletters.<\/p>\n<p><strong>Rechtsgrundlagen Datenschutzgrundverordnung<\/strong><\/p>\n<p>Entsprechend den Vorgaben der ab dem 25. Mai 2018 geltenden Datenschutzgrundverordnung (DSGVO) informieren wir Sie, dass die Einwilligungen in den Versand der E-Mailadressen auf Grundlage der Art. 6 Abs. 1 lit. a, 7 DSGVO sowie \u00a7 7 Abs. 2 Nr. 3, bzw. Abs. 3 UWG erfolgt. Der Einsatz des Versanddienstleisters Mautic, Durchf\u00fchrung der statistischen Erhebungen und Analysen sowie Protokollierung des Anmeldeverfahrens, erfolgen auf Grundlage unserer berechtigten Interessen gem. Art. 6 Abs. 1 lit. f DSGVO. Unser Interesse richtet sich auf den Einsatz eines nutzerfreundlichen sowie sicheren Newslettersystems, das sowohl unseren gesch\u00e4ftlichen Interessen dient, als auch den Erwartungen der Nutzer entspricht.<\/p>\n<p>Wir weisen Sie ferner darauf hin, dass Sie der k\u00fcnftigen Verarbeitung Ihrer personenbezogenen Daten entsprechend den gesetzlichen Vorgaben gem. Art. 21 DSGVO jederzeit widersprechen k\u00f6nnen. Der Widerspruch kann insbesondere gegen die Verarbeitung f\u00fcr Zwecke der Direktwerbung erfolgen.<\/p>\n<p><strong>Erkl\u00e4rung \u00fcber die Datenweitergabe an Dritte<\/strong><\/p>\n<p>Eine Datenweitergabe an Dritte erfolgt nicht.<\/p>\n<p><strong><em>\u00a0<\/em><\/strong><\/p>\n<p><strong><em>Jobforum GmbH<\/em><\/strong><\/p>\n<\/div><div class=\"fusion-clearfix\"><\/div><\/div><\/div><div class=\"fusion-layout-column fusion_builder_column fusion-builder-column-1 fusion_builder_column_1_3 1_3 fusion-one-third fusion-column-last\" style=\"--awb-bg-size:cover;width:33.333333333333%;width:calc(33.333333333333% - ( ( 4% ) * 0.33333333333333 ) );\"><div class=\"fusion-column-wrapper fusion-flex-column-wrapper-legacy\"><div class=\"fusion-clearfix\"><\/div><\/div><\/div><\/div><\/div>\n","protected":false},"excerpt":{"rendered":"","protected":false},"author":2,"featured_media":0,"parent":0,"menu_order":0,"comment_status":"closed","ping_status":"closed","template":"","meta":{"footnotes":""},"class_list":["post-25","page","type-page","status-publish","hentry"],"_links":{"self":[{"href":"https:\/\/jobforum-dev.indexinternet.de\/unternehmen\/wp-json\/wp\/v2\/pages\/25","targetHints":{"allow":["GET"]}}],"collection":[{"href":"https:\/\/jobforum-dev.indexinternet.de\/unternehmen\/wp-json\/wp\/v2\/pages"}],"about":[{"href":"https:\/\/jobforum-dev.indexinternet.de\/unternehmen\/wp-json\/wp\/v2\/types\/page"}],"author":[{"embeddable":true,"href":"https:\/\/jobforum-dev.indexinternet.de\/unternehmen\/wp-json\/wp\/v2\/users\/2"}],"replies":[{"embeddable":true,"href":"https:\/\/jobforum-dev.indexinternet.de\/unternehmen\/wp-json\/wp\/v2\/comments?post=25"}],"version-history":[{"count":3,"href":"https:\/\/jobforum-dev.indexinternet.de\/unternehmen\/wp-json\/wp\/v2\/pages\/25\/revisions"}],"predecessor-version":[{"id":381,"href":"https:\/\/jobforum-dev.indexinternet.de\/unternehmen\/wp-json\/wp\/v2\/pages\/25\/revisions\/381"}],"wp:attachment":[{"href":"https:\/\/jobforum-dev.indexinternet.de\/unternehmen\/wp-json\/wp\/v2\/media?parent=25"}],"curies":[{"name":"wp","href":"https:\/\/api.w.org\/{rel}","templated":true}]}}